{"id":212,"date":"2015-08-11T20:02:42","date_gmt":"2015-08-11T20:02:42","guid":{"rendered":"http:\/\/savoy.nordicmade.com\/product\/gold-pattern-vase\/"},"modified":"2025-05-23T09:13:22","modified_gmt":"2025-05-23T09:13:22","slug":"air-conditioner-cover-white-blade-wall","status":"publish","type":"product","link":"https:\/\/pokrovi.si\/sl\/shop\/protect-cover-ac\/air-conditioner-cover-white-blade-wall\/","title":{"rendered":"Pokrov za Klime \"Beli Blade\" Monta\u017ea na Steno"},"content":{"rendered":"<p>Za\u0161\u010ditni Pokrov za Klimatske Naprave \"Blade\"<\/p>\n<p>Eleganten, trpe\u017een in vsestranski za\u0161\u010ditni pokrov za klimatske naprave Blade je zasnovan za vrhunsko za\u0161\u010dito va\u0161e zunanje enote klimatske naprave. Izdelan iz visokokakovostnih in dolgotrajnih materialov \u0161\u010diti va\u0161o napravo pred ostrimi zunanjimi vplivi, kot so sonce, UV-\u017earki, de\u017e, sneg in to\u010da.<\/p>\n<p>Poleg za\u0161\u010ditne funkcije ta pokrov izbolj\u0161a tudi videz va\u0161e nepremi\u010dnine, saj zdru\u017euje funkcionalnost s sodobnim dizajnom. Ne glede na to, ali gre za va\u0161 dom, pisarno ali po\u010ditni\u0161ko hi\u0161o, pokrov Blade doda pridih prefinjenosti, hkrati pa zagotavlja dolgotrajnost in u\u010dinkovito delovanje va\u0161e klimatske naprave.<\/p>\n<p>Razumemo, kako pomembno je ustvariti izdelke, ki dopolnjujejo va\u0161 edinstven slog in izbolj\u0161ajo va\u0161 prostor. Na\u0161i premi\u0161ljeno zasnovani pokrovi prina\u0161ajo lepoto in harmonijo v vsak prostor ter ponujajo popolno ravnovesje med estetiko in prakti\u010dnostjo.<\/p>\n<p>Za\u0161\u010ditite svojo investicijo in izbolj\u0161ajte svoj prostor z za\u0161\u010ditnim pokrovom za klimatske naprave Blade Classic \u2013 re\u0161itev, ki zdru\u017euje eleganco, trpe\u017enost in zmogljivost.<\/p>\n<p>&nbsp;<\/p>\n<table style=\"height: 167px;\" width=\"982\">\n<tbody>\n<tr>\n<td style=\"text-align: center;\" width=\"47\">&nbsp;<\/p>\n<p><strong>Velikost<\/strong><\/td>\n<td width=\"340\">&nbsp;<\/p>\n<p><strong>Zunanje Dimenzije Pokrova<\/strong><\/td>\n<td width=\"312\">&nbsp;<\/p>\n<p><strong>Velikost Va\u0161e Klimatske Naprave <\/strong><strong>- Notranji Prostor<\/strong><\/td>\n<\/tr>\n<tr>\n<td style=\"text-align: center;\" width=\"47\"><strong>S<\/strong><\/td>\n<td width=\"340\">(W)<strong>90cm x <\/strong>(H)<strong>70cm, <\/strong>(D)<strong>fom 46cm to 52cm<\/strong><\/td>\n<td width=\"312\">(W)<strong>82cm x <\/strong>(H)<strong>66cm, <\/strong>(D)<strong>fom 42cm to 48cm<\/strong><\/td>\n<\/tr>\n<tr>\n<td style=\"text-align: center;\" width=\"47\"><strong>M<\/strong><\/td>\n<td width=\"340\">(W)<strong>100cm x <\/strong>(H)<strong>85cm, <\/strong>(D)<strong>fom 54cm to 60cm<\/strong><\/td>\n<td width=\"312\">(W)<strong>92cm x <\/strong>(H)<strong>81cm, <\/strong>(D)<strong>fom 50cm to 56cm<\/strong><\/td>\n<\/tr>\n<tr>\n<td style=\"text-align: center;\" width=\"47\"><strong>L<\/strong><\/td>\n<td width=\"340\">(W)<strong>105cm x <\/strong>(H)<strong>95cm, <\/strong>(D)<strong>fom 59cm to 65cm<\/strong><\/td>\n<td width=\"312\">(W)<strong>97cm x <\/strong>(H)<strong>91cm, <\/strong>(D)<strong>fom 55cm to 61cm<\/strong><\/td>\n<\/tr>\n<\/tbody>\n<\/table>","protected":false},"excerpt":{"rendered":"<p>Zasnovan za enostavnost in izdelan iz visokokakovostnih materialov. Njegova elegantna geometrija in kombinacije materialov ustvarjajo sodoben personaliziran videz.<\/p>","protected":false},"featured_media":2854,"comment_status":"closed","ping_status":"closed","template":"","meta":{"_acf_changed":false},"product_brand":[],"product_cat":[36],"product_tag":[24,57],"class_list":{"0":"post-212","1":"product","2":"type-product","3":"status-publish","4":"has-post-thumbnail","6":"product_cat-protect-cover-ac","7":"product_tag-classic","8":"product_tag-modern","10":"first","11":"instock","12":"featured","13":"shipping-taxable","14":"purchasable","15":"product-type-variable","16":"add-to-wishlist-after_add_to_cart"},"acf":[],"yoast_head":"<!-- This site is optimized with the Yoast SEO plugin v27.1.1 - https:\/\/yoast.com\/product\/yoast-seo-wordpress\/ -->\n<title>Beli Blade \u2013 za\u0161\u010ditni pokrov za klimo (stenska monta\u017ea)<\/title>\n<meta name=\"description\" content=\"Za\u0161\u010ditni pokrov za klimo\u201cBeli Blade\u201d za stensko monta\u017eo \u2013 sodoben dizajn, trpe\u017ena izdelava in u\u010dinkovita za\u0161\u010dita klimatske naprave pred vremenskimi vplivi.\" \/>\n<meta name=\"robots\" content=\"index, follow, max-snippet:-1, max-image-preview:large, max-video-preview:-1\" \/>\n<link rel=\"canonical\" href=\"https:\/\/pokrovi.si\/sl\/shop\/protect-cover-ac\/air-conditioner-cover-white-blade-wall\/\" \/>\n<meta property=\"og:locale\" content=\"sl_SI\" \/>\n<meta property=\"og:type\" content=\"article\" \/>\n<meta property=\"og:title\" content=\"Beli Blade \u2013 za\u0161\u010ditni pokrov za klimo (stenska monta\u017ea)\" \/>\n<meta property=\"og:description\" content=\"Za\u0161\u010ditni pokrov za klimo\u201cBeli Blade\u201d za stensko monta\u017eo \u2013 sodoben dizajn, trpe\u017ena izdelava in u\u010dinkovita za\u0161\u010dita klimatske naprave pred vremenskimi vplivi.\" \/>\n<meta property=\"og:url\" content=\"https:\/\/pokrovi.si\/sl\/shop\/protect-cover-ac\/air-conditioner-cover-white-blade-wall\/\" \/>\n<meta property=\"og:site_name\" content=\"Pokrovi.si\" \/>\n<meta property=\"article:publisher\" content=\"https:\/\/www.facebook.com\/pokrovi.si\" \/>\n<meta property=\"article:modified_time\" content=\"2025-05-23T09:13:22+00:00\" \/>\n<meta property=\"og:image\" content=\"https:\/\/pokrovi.si\/wp-content\/uploads\/2024\/10\/blade4.jpg\" \/>\n\t<meta property=\"og:image:width\" content=\"750\" \/>\n\t<meta property=\"og:image:height\" content=\"750\" \/>\n\t<meta property=\"og:image:type\" content=\"image\/jpeg\" \/>\n<meta name=\"twitter:card\" content=\"summary_large_image\" \/>\n<meta name=\"twitter:label1\" content=\"Est. reading time\" \/>\n\t<meta name=\"twitter:data1\" content=\"2 minuti\" \/>\n<script type=\"application\/ld+json\" class=\"yoast-schema-graph\">{\"@context\":\"https:\/\/schema.org\",\"@graph\":[{\"@type\":\"WebPage\",\"@id\":\"https:\/\/pokrovi.si\/shop\/protect-cover-ac\/air-conditioner-cover-white-blade-wall\/\",\"url\":\"https:\/\/pokrovi.si\/shop\/protect-cover-ac\/air-conditioner-cover-white-blade-wall\/\",\"name\":\"Beli Blade \u2013 za\u0161\u010ditni pokrov za klimo (stenska monta\u017ea)\",\"isPartOf\":{\"@id\":\"https:\/\/pokrovi.si\/sl\/#website\"},\"primaryImageOfPage\":{\"@id\":\"https:\/\/pokrovi.si\/shop\/protect-cover-ac\/air-conditioner-cover-white-blade-wall\/#primaryimage\"},\"image\":{\"@id\":\"https:\/\/pokrovi.si\/shop\/protect-cover-ac\/air-conditioner-cover-white-blade-wall\/#primaryimage\"},\"thumbnailUrl\":\"https:\/\/pokrovi.si\/wp-content\/uploads\/2024\/10\/blade4.jpg\",\"datePublished\":\"2015-08-11T20:02:42+00:00\",\"dateModified\":\"2025-05-23T09:13:22+00:00\",\"description\":\"Za\u0161\u010ditni pokrov za klimo\u201cBeli Blade\u201d za stensko monta\u017eo \u2013 sodoben dizajn, trpe\u017ena izdelava in u\u010dinkovita za\u0161\u010dita klimatske naprave pred vremenskimi vplivi.\",\"breadcrumb\":{\"@id\":\"https:\/\/pokrovi.si\/shop\/protect-cover-ac\/air-conditioner-cover-white-blade-wall\/#breadcrumb\"},\"inLanguage\":\"sl-SI\",\"potentialAction\":[{\"@type\":\"ReadAction\",\"target\":[\"https:\/\/pokrovi.si\/shop\/protect-cover-ac\/air-conditioner-cover-white-blade-wall\/\"]}]},{\"@type\":\"ImageObject\",\"inLanguage\":\"sl-SI\",\"@id\":\"https:\/\/pokrovi.si\/shop\/protect-cover-ac\/air-conditioner-cover-white-blade-wall\/#primaryimage\",\"url\":\"https:\/\/pokrovi.si\/wp-content\/uploads\/2024\/10\/blade4.jpg\",\"contentUrl\":\"https:\/\/pokrovi.si\/wp-content\/uploads\/2024\/10\/blade4.jpg\",\"width\":750,\"height\":750},{\"@type\":\"BreadcrumbList\",\"@id\":\"https:\/\/pokrovi.si\/shop\/protect-cover-ac\/air-conditioner-cover-white-blade-wall\/#breadcrumb\",\"itemListElement\":[{\"@type\":\"ListItem\",\"position\":1,\"name\":\"Home\",\"item\":\"https:\/\/pokrovi.si\/\"},{\"@type\":\"ListItem\",\"position\":2,\"name\":\"Doma\u010da Stran\",\"item\":\"https:\/\/pokrovi.si\/\"},{\"@type\":\"ListItem\",\"position\":3,\"name\":\"Air Conditioner Cover \u201cWhite Blade\u201d Wall Mount\"}]},{\"@type\":\"WebSite\",\"@id\":\"https:\/\/pokrovi.si\/sl\/#website\",\"url\":\"https:\/\/pokrovi.si\/sl\/\",\"name\":\"Pokrovi.si\",\"description\":\"Za\u0161\u010ditni pokrovi za klime in toplotne \u010drpalke | Pokrovi.si\",\"publisher\":{\"@id\":\"https:\/\/pokrovi.si\/sl\/#organization\"},\"potentialAction\":[{\"@type\":\"SearchAction\",\"target\":{\"@type\":\"EntryPoint\",\"urlTemplate\":\"https:\/\/pokrovi.si\/sl\/?s={search_term_string}\"},\"query-input\":{\"@type\":\"PropertyValueSpecification\",\"valueRequired\":true,\"valueName\":\"search_term_string\"}}],\"inLanguage\":\"sl-SI\"},{\"@type\":\"Organization\",\"@id\":\"https:\/\/pokrovi.si\/sl\/#organization\",\"name\":\"Pokrovi.si\",\"url\":\"https:\/\/pokrovi.si\/sl\/\",\"logo\":{\"@type\":\"ImageObject\",\"inLanguage\":\"sl-SI\",\"@id\":\"https:\/\/pokrovi.si\/sl\/#\/schema\/logo\/image\/\",\"url\":\"https:\/\/pokrovi.si\/wp-content\/uploads\/2024\/09\/pokrovi-3-1.png\",\"contentUrl\":\"https:\/\/pokrovi.si\/wp-content\/uploads\/2024\/09\/pokrovi-3-1.png\",\"width\":975,\"height\":791,\"caption\":\"Pokrovi.si\"},\"image\":{\"@id\":\"https:\/\/pokrovi.si\/sl\/#\/schema\/logo\/image\/\"},\"sameAs\":[\"https:\/\/www.facebook.com\/pokrovi.si\",\"https:\/\/www.instagram.com\/pokrovi.si\/\",\"https:\/\/www.linkedin.com\/company\/pokrovi-si\/\"]}]}<\/script>\n<!-- \/ Yoast SEO plugin. -->","yoast_head_json":{"title":"Beli Blade \u2013 za\u0161\u010ditni pokrov za klimo (stenska monta\u017ea)","description":"Za\u0161\u010ditni pokrov za klimo\u201cBeli Blade\u201d za stensko monta\u017eo \u2013 sodoben dizajn, trpe\u017ena izdelava in u\u010dinkovita za\u0161\u010dita klimatske naprave pred vremenskimi vplivi.","robots":{"index":"index","follow":"follow","max-snippet":"max-snippet:-1","max-image-preview":"max-image-preview:large","max-video-preview":"max-video-preview:-1"},"canonical":"https:\/\/pokrovi.si\/sl\/shop\/protect-cover-ac\/air-conditioner-cover-white-blade-wall\/","og_locale":"sl_SI","og_type":"article","og_title":"Beli Blade \u2013 za\u0161\u010ditni pokrov za klimo (stenska monta\u017ea)","og_description":"Za\u0161\u010ditni pokrov za klimo\u201cBeli Blade\u201d za stensko monta\u017eo \u2013 sodoben dizajn, trpe\u017ena izdelava in u\u010dinkovita za\u0161\u010dita klimatske naprave pred vremenskimi vplivi.","og_url":"https:\/\/pokrovi.si\/sl\/shop\/protect-cover-ac\/air-conditioner-cover-white-blade-wall\/","og_site_name":"Pokrovi.si","article_publisher":"https:\/\/www.facebook.com\/pokrovi.si","article_modified_time":"2025-05-23T09:13:22+00:00","og_image":[{"width":750,"height":750,"url":"https:\/\/pokrovi.si\/wp-content\/uploads\/2024\/10\/blade4.jpg","type":"image\/jpeg"}],"twitter_card":"summary_large_image","twitter_misc":{"Est. reading time":"2 minuti"},"schema":{"@context":"https:\/\/schema.org","@graph":[{"@type":"WebPage","@id":"https:\/\/pokrovi.si\/shop\/protect-cover-ac\/air-conditioner-cover-white-blade-wall\/","url":"https:\/\/pokrovi.si\/shop\/protect-cover-ac\/air-conditioner-cover-white-blade-wall\/","name":"Beli Blade \u2013 za\u0161\u010ditni pokrov za klimo (stenska monta\u017ea)","isPartOf":{"@id":"https:\/\/pokrovi.si\/sl\/#website"},"primaryImageOfPage":{"@id":"https:\/\/pokrovi.si\/shop\/protect-cover-ac\/air-conditioner-cover-white-blade-wall\/#primaryimage"},"image":{"@id":"https:\/\/pokrovi.si\/shop\/protect-cover-ac\/air-conditioner-cover-white-blade-wall\/#primaryimage"},"thumbnailUrl":"https:\/\/pokrovi.si\/wp-content\/uploads\/2024\/10\/blade4.jpg","datePublished":"2015-08-11T20:02:42+00:00","dateModified":"2025-05-23T09:13:22+00:00","description":"Za\u0161\u010ditni pokrov za klimo\u201cBeli Blade\u201d za stensko monta\u017eo \u2013 sodoben dizajn, trpe\u017ena izdelava in u\u010dinkovita za\u0161\u010dita klimatske naprave pred vremenskimi vplivi.","breadcrumb":{"@id":"https:\/\/pokrovi.si\/shop\/protect-cover-ac\/air-conditioner-cover-white-blade-wall\/#breadcrumb"},"inLanguage":"sl-SI","potentialAction":[{"@type":"ReadAction","target":["https:\/\/pokrovi.si\/shop\/protect-cover-ac\/air-conditioner-cover-white-blade-wall\/"]}]},{"@type":"ImageObject","inLanguage":"sl-SI","@id":"https:\/\/pokrovi.si\/shop\/protect-cover-ac\/air-conditioner-cover-white-blade-wall\/#primaryimage","url":"https:\/\/pokrovi.si\/wp-content\/uploads\/2024\/10\/blade4.jpg","contentUrl":"https:\/\/pokrovi.si\/wp-content\/uploads\/2024\/10\/blade4.jpg","width":750,"height":750},{"@type":"BreadcrumbList","@id":"https:\/\/pokrovi.si\/shop\/protect-cover-ac\/air-conditioner-cover-white-blade-wall\/#breadcrumb","itemListElement":[{"@type":"ListItem","position":1,"name":"Home","item":"https:\/\/pokrovi.si\/"},{"@type":"ListItem","position":2,"name":"Doma\u010da Stran","item":"https:\/\/pokrovi.si\/"},{"@type":"ListItem","position":3,"name":"Air Conditioner Cover \u201cWhite Blade\u201d Wall Mount"}]},{"@type":"WebSite","@id":"https:\/\/pokrovi.si\/sl\/#website","url":"https:\/\/pokrovi.si\/sl\/","name":"Pokrovi.si","description":"Za\u0161\u010ditni pokrovi za klime in toplotne \u010drpalke | Pokrovi.si","publisher":{"@id":"https:\/\/pokrovi.si\/sl\/#organization"},"potentialAction":[{"@type":"SearchAction","target":{"@type":"EntryPoint","urlTemplate":"https:\/\/pokrovi.si\/sl\/?s={search_term_string}"},"query-input":{"@type":"PropertyValueSpecification","valueRequired":true,"valueName":"search_term_string"}}],"inLanguage":"sl-SI"},{"@type":"Organization","@id":"https:\/\/pokrovi.si\/sl\/#organization","name":"Pokrovi.si","url":"https:\/\/pokrovi.si\/sl\/","logo":{"@type":"ImageObject","inLanguage":"sl-SI","@id":"https:\/\/pokrovi.si\/sl\/#\/schema\/logo\/image\/","url":"https:\/\/pokrovi.si\/wp-content\/uploads\/2024\/09\/pokrovi-3-1.png","contentUrl":"https:\/\/pokrovi.si\/wp-content\/uploads\/2024\/09\/pokrovi-3-1.png","width":975,"height":791,"caption":"Pokrovi.si"},"image":{"@id":"https:\/\/pokrovi.si\/sl\/#\/schema\/logo\/image\/"},"sameAs":["https:\/\/www.facebook.com\/pokrovi.si","https:\/\/www.instagram.com\/pokrovi.si\/","https:\/\/www.linkedin.com\/company\/pokrovi-si\/"]}]}},"_links":{"self":[{"href":"https:\/\/pokrovi.si\/sl\/wp-json\/wp\/v2\/product\/212","targetHints":{"allow":["GET"]}}],"collection":[{"href":"https:\/\/pokrovi.si\/sl\/wp-json\/wp\/v2\/product"}],"about":[{"href":"https:\/\/pokrovi.si\/sl\/wp-json\/wp\/v2\/types\/product"}],"replies":[{"embeddable":true,"href":"https:\/\/pokrovi.si\/sl\/wp-json\/wp\/v2\/comments?post=212"}],"wp:featuredmedia":[{"embeddable":true,"href":"https:\/\/pokrovi.si\/sl\/wp-json\/wp\/v2\/media\/2854"}],"wp:attachment":[{"href":"https:\/\/pokrovi.si\/sl\/wp-json\/wp\/v2\/media?parent=212"}],"wp:term":[{"taxonomy":"product_brand","embeddable":true,"href":"https:\/\/pokrovi.si\/sl\/wp-json\/wp\/v2\/product_brand?post=212"},{"taxonomy":"product_cat","embeddable":true,"href":"https:\/\/pokrovi.si\/sl\/wp-json\/wp\/v2\/product_cat?post=212"},{"taxonomy":"product_tag","embeddable":true,"href":"https:\/\/pokrovi.si\/sl\/wp-json\/wp\/v2\/product_tag?post=212"}],"curies":[{"name":"wp","href":"https:\/\/api.w.org\/{rel}","templated":true}]}}